{"id":227,"date":"2023-02-08T16:48:44","date_gmt":"2023-02-08T15:48:44","guid":{"rendered":"http:\/\/www.next2be.de\/?page_id=227"},"modified":"2023-11-09T16:48:11","modified_gmt":"2023-11-09T15:48:11","slug":"ausbildungsfoerderung","status":"publish","type":"page","link":"https:\/\/www.next2be.de\/?page_id=227","title":{"rendered":"Ausbildungsf\u00f6rderung"},"content":{"rendered":"<p>[et_pb_section bb_built=&#8220;1&#8243; admin_label=&#8220;Hero&#8220; next_background_color=&#8220;#e5e3e0&#8243; _builder_version=&#8220;4.19.1&#8243; background_color_gradient_direction=&#8220;70deg&#8220; background_color_gradient_start=&#8220;#283d4b&#8220; background_color_gradient_end=&#8220;rgba(128,103,79,0.5)&#8220; background_image=&#8220;https:\/\/www.next2be.de\/wp-content\/uploads\/2023\/01\/Tafel_gruen-1.jpg&#8220; vertical_offset_tablet=&#8220;0&#8243; horizontal_offset_tablet=&#8220;0&#8243; bottom_divider_height=&#8220;20vw&#8220; bottom_divider_repeat=&#8220;0.5x&#8220; hover_enabled=&#8220;0&#8243; box_shadow_horizontal_tablet=&#8220;0px&#8220; box_shadow_vertical_tablet=&#8220;0px&#8220; box_shadow_blur_tablet=&#8220;40px&#8220; box_shadow_spread_tablet=&#8220;0px&#8220; global_colors_info=&#8220;{}&#8220; sticky_enabled=&#8220;0&#8243; background_pattern_color=&#8220;rgba(0,0,0,0.2)&#8220; background_mask_color=&#8220;#ffffff&#8220; background_color_gradient_stops=&#8220;#004d51 100%|rgba(96,116,129) 100%&#8220; bottom_divider_style=&#8220;mountains2&#8243; bottom_divider_flip=&#8220;vertical|horizontal&#8220; top_divider_height=&#8220;10vw&#8220; background_color_gradient_overlays_image=&#8220;on&#8220; custom_padding=&#8220;||10vw|&#8220;][et_pb_row _builder_version=&#8220;4.19.1&#8243; max_width=&#8220;1440px&#8220; custom_margin=&#8220;|||&#8220; custom_padding=&#8220;27px|0px|0|0px|false|false&#8220; global_colors_info=&#8220;{}&#8220; background_pattern_color=&#8220;rgba(0,0,0,0.2)&#8220; background_mask_color=&#8220;#ffffff&#8220; box_shadow_horizontal_tablet=&#8220;0px&#8220; box_shadow_vertical_tablet=&#8220;0px&#8220; box_shadow_blur_tablet=&#8220;40px&#8220; box_shadow_spread_tablet=&#8220;0px&#8220; vertical_offset_tablet=&#8220;0&#8243; horizontal_offset_tablet=&#8220;0&#8243; z_index_tablet=&#8220;0&#8243;][et_pb_column type=&#8220;4_4&#8243; _builder_version=&#8220;4.16&#8243; custom_padding=&#8220;|||&#8220; global_colors_info=&#8220;{}&#8220; custom_padding__hover=&#8220;|||&#8220;][et_pb_text admin_label=&#8220;Titel&#8220; _builder_version=&#8220;4.19.1&#8243; header_font=&#8220;Josefin Sans|700|||||||&#8220; header_font_size=&#8220;55px&#8220; header_line_height=&#8220;1.4em&#8220; header_2_font=&#8220;Josefin Sans||||||||&#8220; header_2_text_color=&#8220;rgba(255,255,255,0.6)&#8220; header_2_font_size=&#8220;32px&#8220; header_2_line_height=&#8220;1.4em&#8220; vertical_offset_tablet=&#8220;0&#8243; horizontal_offset_tablet=&#8220;0&#8243; background_layout=&#8220;dark&#8220; animation_style=&#8220;slide&#8220; animation_direction=&#8220;right&#8220; animation_intensity_slide=&#8220;4%&#8220; header_font_size_tablet=&#8220;50px&#8220; header_font_size_phone=&#8220;32px&#8220; header_font_size_last_edited=&#8220;on|desktop&#8220; header_2_font_size_phone=&#8220;24px&#8220; header_2_font_size_last_edited=&#8220;on|phone&#8220; z_index_tablet=&#8220;0&#8243; text_text_shadow_horizontal_length_tablet=&#8220;0px&#8220; text_text_shadow_vertical_length_tablet=&#8220;0px&#8220; text_text_shadow_blur_strength_tablet=&#8220;1px&#8220; link_text_shadow_horizontal_length_tablet=&#8220;0px&#8220; link_text_shadow_vertical_length_tablet=&#8220;0px&#8220; link_text_shadow_blur_strength_tablet=&#8220;1px&#8220; ul_text_shadow_horizontal_length_tablet=&#8220;0px&#8220; ul_text_shadow_vertical_length_tablet=&#8220;0px&#8220; ul_text_shadow_blur_strength_tablet=&#8220;1px&#8220; ol_text_shadow_horizontal_length_tablet=&#8220;0px&#8220; ol_text_shadow_vertical_length_tablet=&#8220;0px&#8220; ol_text_shadow_blur_strength_tablet=&#8220;1px&#8220; quote_text_shadow_horizontal_length_tablet=&#8220;0px&#8220; quote_text_shadow_vertical_length_tablet=&#8220;0px&#8220; quote_text_shadow_blur_strength_tablet=&#8220;1px&#8220; header_text_shadow_horizontal_length_tablet=&#8220;0px&#8220; header_text_shadow_vertical_length_tablet=&#8220;0px&#8220; header_text_shadow_blur_strength_tablet=&#8220;1px&#8220; header_2_text_shadow_horizontal_length_tablet=&#8220;0px&#8220; header_2_text_shadow_vertical_length_tablet=&#8220;0px&#8220; header_2_text_shadow_blur_strength_tablet=&#8220;1px&#8220; header_3_text_shadow_horizontal_length_tablet=&#8220;0px&#8220; header_3_text_shadow_vertical_length_tablet=&#8220;0px&#8220; header_3_text_shadow_blur_strength_tablet=&#8220;1px&#8220; header_4_text_shadow_horizontal_length_tablet=&#8220;0px&#8220; header_4_text_shadow_vertical_length_tablet=&#8220;0px&#8220; header_4_text_shadow_blur_strength_tablet=&#8220;1px&#8220; header_5_text_shadow_horizontal_length_tablet=&#8220;0px&#8220; header_5_text_shadow_vertical_length_tablet=&#8220;0px&#8220; header_5_text_shadow_blur_strength_tablet=&#8220;1px&#8220; header_6_text_shadow_horizontal_length_tablet=&#8220;0px&#8220; header_6_text_shadow_vertical_length_tablet=&#8220;0px&#8220; header_6_text_shadow_blur_strength_tablet=&#8220;1px&#8220; box_shadow_horizontal_tablet=&#8220;0px&#8220; box_shadow_vertical_tablet=&#8220;0px&#8220; box_shadow_blur_tablet=&#8220;40px&#8220; box_shadow_spread_tablet=&#8220;0px&#8220; global_colors_info=&#8220;{}&#8220; background_pattern_color=&#8220;rgba(0,0,0,0.2)&#8220; background_mask_color=&#8220;#ffffff&#8220; text_text_shadow_horizontal_length=&#8220;text_text_shadow_style,%91object Object%93&#8243; text_text_shadow_vertical_length=&#8220;text_text_shadow_style,%91object Object%93&#8243; text_text_shadow_blur_strength=&#8220;text_text_shadow_style,%91object Object%93&#8243; link_text_shadow_horizontal_length=&#8220;link_text_shadow_style,%91object Object%93&#8243; link_text_shadow_vertical_length=&#8220;link_text_shadow_style,%91object Object%93&#8243; link_text_shadow_blur_strength=&#8220;link_text_shadow_style,%91object Object%93&#8243; ul_text_shadow_horizontal_length=&#8220;ul_text_shadow_style,%91object Object%93&#8243; ul_text_shadow_vertical_length=&#8220;ul_text_shadow_style,%91object Object%93&#8243; ul_text_shadow_blur_strength=&#8220;ul_text_shadow_style,%91object Object%93&#8243; ol_text_shadow_horizontal_length=&#8220;ol_text_shadow_style,%91object Object%93&#8243; ol_text_shadow_vertical_length=&#8220;ol_text_shadow_style,%91object Object%93&#8243; ol_text_shadow_blur_strength=&#8220;ol_text_shadow_style,%91object Object%93&#8243; quote_text_shadow_horizontal_length=&#8220;quote_text_shadow_style,%91object Object%93&#8243; quote_text_shadow_vertical_length=&#8220;quote_text_shadow_style,%91object Object%93&#8243; quote_text_shadow_blur_strength=&#8220;quote_text_shadow_style,%91object Object%93&#8243; header_text_shadow_horizontal_length=&#8220;header_text_shadow_style,%91object Object%93&#8243; header_text_shadow_vertical_length=&#8220;header_text_shadow_style,%91object Object%93&#8243; header_text_shadow_blur_strength=&#8220;header_text_shadow_style,%91object Object%93&#8243; header_2_text_shadow_horizontal_length=&#8220;header_2_text_shadow_style,%91object Object%93&#8243; header_2_text_shadow_vertical_length=&#8220;header_2_text_shadow_style,%91object Object%93&#8243; header_2_text_shadow_blur_strength=&#8220;header_2_text_shadow_style,%91object Object%93&#8243; header_3_text_shadow_horizontal_length=&#8220;header_3_text_shadow_style,%91object Object%93&#8243; header_3_text_shadow_vertical_length=&#8220;header_3_text_shadow_style,%91object Object%93&#8243; header_3_text_shadow_blur_strength=&#8220;header_3_text_shadow_style,%91object Object%93&#8243; header_4_text_shadow_horizontal_length=&#8220;header_4_text_shadow_style,%91object Object%93&#8243; header_4_text_shadow_vertical_length=&#8220;header_4_text_shadow_style,%91object Object%93&#8243; header_4_text_shadow_blur_strength=&#8220;header_4_text_shadow_style,%91object Object%93&#8243; header_5_text_shadow_horizontal_length=&#8220;header_5_text_shadow_style,%91object Object%93&#8243; header_5_text_shadow_vertical_length=&#8220;header_5_text_shadow_style,%91object Object%93&#8243; header_5_text_shadow_blur_strength=&#8220;header_5_text_shadow_style,%91object Object%93&#8243; header_6_text_shadow_horizontal_length=&#8220;header_6_text_shadow_style,%91object Object%93&#8243; header_6_text_shadow_vertical_length=&#8220;header_6_text_shadow_style,%91object Object%93&#8243; header_6_text_shadow_blur_strength=&#8220;header_6_text_shadow_style,%91object Object%93&#8243;]<\/p>\n<h1 class=\"et_pb_module_header\">Ausbildungsf\u00f6rderung<\/h1>\n<p>&nbsp;<\/p>\n<p>&nbsp;<\/p>\n<p>[\/et_pb_text][\/et_pb_column][\/et_pb_row][\/et_pb_section][et_pb_section bb_built=&#8220;1&#8243; admin_label=&#8220;Features&#8220; _builder_version=&#8220;4.19.1&#8243; background_color=&#8220;#e5e3e0&#8243; vertical_offset_tablet=&#8220;0&#8243; horizontal_offset_tablet=&#8220;0&#8243; box_shadow_horizontal_tablet=&#8220;0px&#8220; box_shadow_vertical_tablet=&#8220;0px&#8220; box_shadow_blur_tablet=&#8220;40px&#8220; box_shadow_spread_tablet=&#8220;0px&#8220; global_colors_info=&#8220;{}&#8220; prev_background_color=&#8220;#ffffff&#8220; next_background_color=&#8220;#ffffff&#8220; background_pattern_color=&#8220;rgba(0,0,0,0.2)&#8220; background_mask_color=&#8220;#ffffff&#8220;][et_pb_row][et_pb_column type=&#8220;4_4&#8243; custom_padding__hover=&#8220;|||&#8220; custom_padding=&#8220;|||&#8220;][\/et_pb_column][\/et_pb_row][et_pb_row gutter_width=&#8220;2&#8243; _builder_version=&#8220;4.19.1&#8243; max_width=&#8220;1440px&#8220; use_custom_width=&#8220;on&#8220; custom_width_px=&#8220;1440px&#8220; locked=&#8220;off&#8220; global_colors_info=&#8220;{}&#8220; background_pattern_color=&#8220;rgba(0,0,0,0.2)&#8220; background_mask_color=&#8220;#ffffff&#8220; box_shadow_horizontal_tablet=&#8220;0px&#8220; box_shadow_vertical_tablet=&#8220;0px&#8220; box_shadow_blur_tablet=&#8220;40px&#8220; box_shadow_spread_tablet=&#8220;0px&#8220; vertical_offset_tablet=&#8220;0&#8243; horizontal_offset_tablet=&#8220;0&#8243; z_index_tablet=&#8220;0&#8243; use_custom_gutter=&#8220;on&#8220; custom_margin=&#8220;-5vw|||&#8220;][et_pb_column type=&#8220;4_4&#8243; _builder_version=&#8220;4.16&#8243; custom_padding=&#8220;|||&#8220; global_colors_info=&#8220;{}&#8220; custom_padding__hover=&#8220;|||&#8220;][et_pb_text admin_label=&#8220;Ausbildungsf\u00f6rderung&#8220; _builder_version=&#8220;4.23.1&#8243; text_font=&#8220;Open Sans||||||||&#8220; text_font_size=&#8220;18px&#8220; text_line_height=&#8220;1.8em&#8220; header_2_font=&#8220;|700|||||||&#8220; header_2_font_size=&#8220;30px&#8220; header_2_line_height=&#8220;1.4em&#8220; header_3_font=&#8220;|||on|||||&#8220; vertical_offset_tablet=&#8220;0&#8243; horizontal_offset_tablet=&#8220;0&#8243; custom_margin=&#8220;|||&#8220; custom_padding=&#8220;|||&#8220; header_2_font_size_phone=&#8220;20px&#8220; header_2_font_size_last_edited=&#8220;on|phone&#8220; header_2_line_height_last_edited=&#8220;off|desktop&#8220; z_index_tablet=&#8220;0&#8243; text_text_shadow_horizontal_length_tablet=&#8220;0px&#8220; text_text_shadow_vertical_length_tablet=&#8220;0px&#8220; text_text_shadow_blur_strength_tablet=&#8220;1px&#8220; link_text_shadow_horizontal_length_tablet=&#8220;0px&#8220; link_text_shadow_vertical_length_tablet=&#8220;0px&#8220; link_text_shadow_blur_strength_tablet=&#8220;1px&#8220; ul_text_shadow_horizontal_length_tablet=&#8220;0px&#8220; ul_text_shadow_vertical_length_tablet=&#8220;0px&#8220; ul_text_shadow_blur_strength_tablet=&#8220;1px&#8220; ol_text_shadow_horizontal_length_tablet=&#8220;0px&#8220; ol_text_shadow_vertical_length_tablet=&#8220;0px&#8220; ol_text_shadow_blur_strength_tablet=&#8220;1px&#8220; quote_text_shadow_horizontal_length_tablet=&#8220;0px&#8220; quote_text_shadow_vertical_length_tablet=&#8220;0px&#8220; quote_text_shadow_blur_strength_tablet=&#8220;1px&#8220; header_text_shadow_horizontal_length_tablet=&#8220;0px&#8220; header_text_shadow_vertical_length_tablet=&#8220;0px&#8220; header_text_shadow_blur_strength_tablet=&#8220;1px&#8220; header_2_text_shadow_horizontal_length_tablet=&#8220;0px&#8220; header_2_text_shadow_vertical_length_tablet=&#8220;0px&#8220; header_2_text_shadow_blur_strength_tablet=&#8220;1px&#8220; header_3_text_shadow_horizontal_length_tablet=&#8220;0px&#8220; header_3_text_shadow_vertical_length_tablet=&#8220;0px&#8220; header_3_text_shadow_blur_strength_tablet=&#8220;1px&#8220; header_4_text_shadow_horizontal_length_tablet=&#8220;0px&#8220; header_4_text_shadow_vertical_length_tablet=&#8220;0px&#8220; header_4_text_shadow_blur_strength_tablet=&#8220;1px&#8220; header_5_text_shadow_horizontal_length_tablet=&#8220;0px&#8220; header_5_text_shadow_vertical_length_tablet=&#8220;0px&#8220; header_5_text_shadow_blur_strength_tablet=&#8220;1px&#8220; header_6_text_shadow_horizontal_length_tablet=&#8220;0px&#8220; header_6_text_shadow_vertical_length_tablet=&#8220;0px&#8220; header_6_text_shadow_blur_strength_tablet=&#8220;1px&#8220; box_shadow_horizontal_tablet=&#8220;0px&#8220; box_shadow_vertical_tablet=&#8220;0px&#8220; box_shadow_blur_tablet=&#8220;40px&#8220; box_shadow_spread_tablet=&#8220;0px&#8220; locked=&#8220;off&#8220; global_colors_info=&#8220;{}&#8220; background_pattern_color=&#8220;rgba(0,0,0,0.2)&#8220; background_mask_color=&#8220;#ffffff&#8220; text_text_shadow_horizontal_length=&#8220;text_text_shadow_style,%91object Object%93&#8243; text_text_shadow_vertical_length=&#8220;text_text_shadow_style,%91object Object%93&#8243; text_text_shadow_blur_strength=&#8220;text_text_shadow_style,%91object Object%93&#8243; text_orientation=&#8220;justified&#8220; link_text_shadow_horizontal_length=&#8220;link_text_shadow_style,%91object Object%93&#8243; link_text_shadow_vertical_length=&#8220;link_text_shadow_style,%91object Object%93&#8243; link_text_shadow_blur_strength=&#8220;link_text_shadow_style,%91object Object%93&#8243; ul_text_shadow_horizontal_length=&#8220;ul_text_shadow_style,%91object Object%93&#8243; ul_text_shadow_vertical_length=&#8220;ul_text_shadow_style,%91object Object%93&#8243; ul_text_shadow_blur_strength=&#8220;ul_text_shadow_style,%91object Object%93&#8243; ol_text_shadow_horizontal_length=&#8220;ol_text_shadow_style,%91object Object%93&#8243; ol_text_shadow_vertical_length=&#8220;ol_text_shadow_style,%91object Object%93&#8243; ol_text_shadow_blur_strength=&#8220;ol_text_shadow_style,%91object Object%93&#8243; quote_text_shadow_horizontal_length=&#8220;quote_text_shadow_style,%91object Object%93&#8243; quote_text_shadow_vertical_length=&#8220;quote_text_shadow_style,%91object Object%93&#8243; quote_text_shadow_blur_strength=&#8220;quote_text_shadow_style,%91object Object%93&#8243; header_text_shadow_horizontal_length=&#8220;header_text_shadow_style,%91object Object%93&#8243; header_text_shadow_vertical_length=&#8220;header_text_shadow_style,%91object Object%93&#8243; header_text_shadow_blur_strength=&#8220;header_text_shadow_style,%91object Object%93&#8243; header_2_text_shadow_horizontal_length=&#8220;header_2_text_shadow_style,%91object Object%93&#8243; header_2_text_shadow_vertical_length=&#8220;header_2_text_shadow_style,%91object Object%93&#8243; header_2_text_shadow_blur_strength=&#8220;header_2_text_shadow_style,%91object Object%93&#8243; header_3_text_shadow_horizontal_length=&#8220;header_3_text_shadow_style,%91object Object%93&#8243; header_3_text_shadow_vertical_length=&#8220;header_3_text_shadow_style,%91object Object%93&#8243; header_3_text_shadow_blur_strength=&#8220;header_3_text_shadow_style,%91object Object%93&#8243; header_4_text_shadow_horizontal_length=&#8220;header_4_text_shadow_style,%91object Object%93&#8243; header_4_text_shadow_vertical_length=&#8220;header_4_text_shadow_style,%91object Object%93&#8243; header_4_text_shadow_blur_strength=&#8220;header_4_text_shadow_style,%91object Object%93&#8243; header_5_text_shadow_horizontal_length=&#8220;header_5_text_shadow_style,%91object Object%93&#8243; header_5_text_shadow_vertical_length=&#8220;header_5_text_shadow_style,%91object Object%93&#8243; header_5_text_shadow_blur_strength=&#8220;header_5_text_shadow_style,%91object Object%93&#8243; header_6_text_shadow_horizontal_length=&#8220;header_6_text_shadow_style,%91object Object%93&#8243; header_6_text_shadow_vertical_length=&#8220;header_6_text_shadow_style,%91object Object%93&#8243; header_6_text_shadow_blur_strength=&#8220;header_6_text_shadow_style,%91object Object%93&#8243; header_font=&#8220;|600||on|||||&#8220; header_font_size=&#8220;40px&#8220; header_font_size_phone=&#8220;30px&#8220; header_font_size_last_edited=&#8220;on|phone&#8220; saved_tabs=&#8220;all&#8220;]<\/p>\n<h1><strong>Ausbildungsf\u00f6rderung &amp; mehr<\/strong><\/h1>\n<p>&nbsp;<\/p>\n<p><strong><img loading=\"lazy\" decoding=\"async\" class=\"alignright wp-image-913\" src=\"https:\/\/www.next2be.de\/wp-content\/uploads\/2023\/11\/Finanzielle-Unterst-Pic_online-scaled-e1699540798984-1702x2000.jpg\" alt=\"\" width=\"300\" height=\"353\" \/>Die Berufsausbildungsbeihilfe (BAB) ist eine finanzielle Unterst\u00fctzung, die Auszubildende in Deutschland erhalten k\u00f6nnen, um ihre Lebenshaltungskosten w\u00e4hrend der Ausbildung zu decken. Sie richtet sich an Personen, die aufgrund ihrer finanziellen Situation Unterst\u00fctzung ben\u00f6tigen, um die Ausbildung erfolgreich absolvieren zu k\u00f6nnen.<\/strong><\/p>\n<p>&nbsp;<\/p>\n<p data-wp-editing=\"1\">Die BAB kann f\u00fcr verschiedene Ausbildungsformen beantragt werden, wie zum Beispiel eine betriebliche Ausbildung, eine schulische Ausbildung oder eine Ausbildung im Rahmen einer berufsvorbereitenden Bildungsma\u00dfnahme. Die genauen Voraussetzungen f\u00fcr den Bezug der Berufsausbildungsbeihilfe k\u00f6nnen je nach Bundesland und pers\u00f6nlicher Situation variieren. Die BAB wird in der Regel beim zust\u00e4ndigen Amt f\u00fcr Ausbildungsf\u00f6rderung beantragt. Um die Berufsausbildungsbeihilfe zu beantragen, m\u00fcssen verschiedene Unterlagen und Nachweise eingereicht werden, wie beispielsweise Einkommensnachweise der Eltern oder des Partners, Mietvertrag, Kontoausz\u00fcge und Schulbescheinigungen.<\/p>\n<p>Aber wer hat Anspruch? Der Antragsteller muss das 25. Lebensjahr noch nicht vollendet haben. Es gibt jedoch Ausnahmen f\u00fcr Personen mit Kindern oder in besonderen F\u00e4llen. Au\u00dferdem muss ein Ausbildungsverh\u00e4ltnis bestehen, entweder in Form einer betrieblichen Ausbildung, einer schulischen Ausbildung oder einer berufsvorbereitenden Bildungsma\u00dfnahme. Die Auszubildenden m\u00fcssen nachweisen, dass sie nicht \u00fcber ausreichende finanzielle Mittel verf\u00fcgen, um ihren Lebensunterhalt w\u00e4hrend der Ausbildung zu decken. Dazu werden Einkommens- und Verm\u00f6gensverh\u00e4ltnisse gepr\u00fcft. Es gibt bestimmte Freibetr\u00e4ge f\u00fcr eigenes Einkommen, die nicht angerechnet werden. \u00dcbersteigt das Einkommen diese Freibetr\u00e4ge, kann dies den Anspruch auf Berufsausbildungsbeihilfe beeinflussen. Die BAB kann auch von der Wohnsituation abh\u00e4ngen, beispielsweise wenn der Ausbildungsort weiter entfernt vom Wohnort liegt und dadurch h\u00f6here Kosten f\u00fcr Miete und Fahrt entstehen.<\/p>\n<p>Neben der BAB gibt es verschiedene finanzielle Hilfen, die bei der Ausbildung unterst\u00fctzen k\u00f6nnen. Hier sind einige m\u00f6gliche Optionen:<\/p>\n<p><strong>\u2192 Ausbildungsverg\u00fctung:<\/strong> In einigen Ausbildungen erhalten Auszubildende eine Verg\u00fctung vom Ausbildungsbetrieb. Die H\u00f6he variiert je nach Branche, Ausbildungsjahr und Region.<\/p>\n<p><strong>\u2192 Kindergeld:<\/strong> In vielen L\u00e4ndern besteht die M\u00f6glichkeit, Kindergeld w\u00e4hrend der Ausbildung zu erhalten. Es handelt sich um eine finanzielle Unterst\u00fctzung f\u00fcr Eltern, deren Kinder sich in der Ausbildung befinden.<\/p>\n<p><strong>\u2192 Bildungskredite:<\/strong> Einige Banken oder staatliche Programme bieten spezielle Bildungskredite an, die zur Finanzierung von Ausbildungskosten genutzt werden k\u00f6nnen. Diese Kredite m\u00fcssen in der Regel nach Abschluss der Ausbildung zur\u00fcckgezahlt werden.<\/p>\n<p><strong>\u2192 Stipendien und F\u00f6rderprogramme:<\/strong> Es gibt verschiedene Stipendien und F\u00f6rderprogramme, die aufgrund von pers\u00f6nlichen Leistungen, Bed\u00fcrftigkeit oder bestimmten Kriterien vergeben werden. Diese k\u00f6nnen von Bildungseinrichtungen, Unternehmen, gemeinn\u00fctzigen Organisationen oder Regierungsstellen angeboten werden.<\/p>\n<p><strong>\u2192 Wohngeld:<\/strong> Unter bestimmten Umst\u00e4nden kann Wohngeld in Betracht gezogen werden, um Auszubildende bei den Wohnkosten zu unterst\u00fctzen. Die genauen Voraussetzungen k\u00f6nnen je nach Land und Wohnsituation variieren.<\/p>\n<p>&nbsp;<\/p>\n<p><strong>Weitere Informationen zur Berufsausbildungsbeihilfe findest du unter <\/strong><a href=\"https:\/\/www.arbeitsagentur.de\" target=\"_blank\" rel=\"noopener\"><strong>www.arbeitsagentur.de<\/strong><\/a><strong>.<\/strong><\/p>\n<p>Informationen zu Berufen und Ausbildungen findest du auch hier:<\/p>\n<p><strong><a href=\"https:\/\/www.lehrlinge-fuer-bayern.de\" target=\"_blank\" rel=\"noopener\">www.lehrlinge-fuer-bayern.de<\/a><\/strong><\/p>\n<p><strong><a href=\"https:\/\/www.hwk-muenchen.de\" target=\"_blank\" rel=\"noopener\">www.hwk-muenchen.de<\/a><\/strong><\/p>\n<p><strong><a href=\"https:\/\/www.boby.bayern.de\" target=\"_blank\" rel=\"noopener\">www.boby.bayern.de<\/a><\/strong><\/p>\n<p><a href=\"https:\/\/www.pflegeausbildung.net\/\" target=\"_blank\" rel=\"noopener\"><strong>www.pflegeausbildung.net<\/strong><\/a><\/p>\n<p><a href=\"https:\/\/www.aubi-plus.de\/\" target=\"_blank\" rel=\"noopener\"><strong>www.aubi-plus.de<\/strong><\/a><\/p>\n<p>[\/et_pb_text][\/et_pb_column][\/et_pb_row][\/et_pb_section][et_pb_section bb_built=&#8220;1&#8243; admin_label=&#8220;Call To Action&#8220; prev_background_color=&#8220;#e5e3e0&#8243; _builder_version=&#8220;4.19.1&#8243; background_color_gradient_direction=&#8220;70deg&#8220; background_color_gradient_stops=&#8220;#004d51 100%|rgba(96,116,129) 100%&#8220; background_color_gradient_start=&#8220;#283d4b&#8220; background_color_gradient_end=&#8220;rgba(128,103,79,0.5)&#8220; top_divider_style=&#8220;mountains2&#8243; top_divider_height=&#8220;18vw&#8220; top_divider_repeat=&#8220;0.5x&#8220; bottom_divider_style=&#8220;mountains2&#8243; bottom_divider_height=&#8220;14%&#8220; bottom_divider_repeat=&#8220;0.5x&#8220; bottom_divider_flip=&#8220;horizontal&#8220; global_colors_info=&#8220;{}&#8220; background_pattern_color=&#8220;rgba(0,0,0,0.2)&#8220; background_mask_color=&#8220;#ffffff&#8220; box_shadow_horizontal_tablet=&#8220;0px&#8220; box_shadow_vertical_tablet=&#8220;0px&#8220; box_shadow_blur_tablet=&#8220;40px&#8220; box_shadow_spread_tablet=&#8220;0px&#8220; vertical_offset_tablet=&#8220;0&#8243; horizontal_offset_tablet=&#8220;0&#8243; use_background_color_gradient=&#8220;on&#8220; background_color_gradient_direction_radial=&#8220;top left&#8220; background_image=&#8220;https:\/\/www.next2be.de\/wp-content\/uploads\/2023\/01\/NEXT-Logo-weiss_schraeg.png&#8220; custom_padding=&#8220;20vw|||&#8220; global_module=&#8220;110&#8243;][et_pb_row global_parent=&#8220;110&#8243; use_custom_gutter=&#8220;on&#8220; gutter_width=&#8220;1&#8243; disabled_on=&#8220;on|off|off&#8220; module_class=&#8220; et_pb_row_fullwidth et_pb_row_fullwidth et_pb_row_fullwidth et_pb_row_fullwidth et_pb_row_fullwidth et_pb_row_fullwidth et_pb_row_fullwidth&#8220; _builder_version=&#8220;4.19.1&#8243; width=&#8220;100%&#8220; width_tablet=&#8220;100%&#8220; width_last_edited=&#8220;on|desktop&#8220; max_width=&#8220;100%&#8220; max_width_tablet=&#8220;100%&#8220; max_width_last_edited=&#8220;on|desktop&#8220; make_fullwidth=&#8220;on&#8220; global_colors_info=&#8220;{}&#8220;][\/et_pb_row][\/et_pb_section]<\/p>\n","protected":false},"excerpt":{"rendered":"<p>Ausbildungsf\u00f6rderung &nbsp; &nbsp; <div class=\"et_pb_row et_pb_row_0 et_pb_row_empty\">\n\t\t\t\t\n\t\t\t\t\n\t\t\t\t\n\t\t\t\t\n\t\t\t\t\n\t\t\t<\/div> Ausbildungsf\u00f6rderung &amp; mehr &nbsp; Die Berufsausbildungsbeihilfe (BAB) ist eine finanzielle Unterst\u00fctzung, die Auszubildende in Deutschland erhalten k\u00f6nnen, um ihre Lebenshaltungskosten w\u00e4hrend der Ausbildung zu decken. Sie richtet sich an Personen, die aufgrund ihrer finanziellen Situation Unterst\u00fctzung ben\u00f6tigen, um die Ausbildung erfolgreich absolvieren zu k\u00f6nnen. &nbsp; Die BAB kann f\u00fcr verschiedene Ausbildungsformen [&hellip;]<\/p>\n","protected":false},"author":1,"featured_media":0,"parent":0,"menu_order":0,"comment_status":"closed","ping_status":"closed","template":"","meta":{"_et_pb_use_builder":"on","_et_pb_old_content":"","_et_gb_content_width":"","footnotes":""},"class_list":["post-227","page","type-page","status-publish","hentry"],"_links":{"self":[{"href":"https:\/\/www.next2be.de\/index.php?rest_route=\/wp\/v2\/pages\/227","targetHints":{"allow":["GET"]}}],"collection":[{"href":"https:\/\/www.next2be.de\/index.php?rest_route=\/wp\/v2\/pages"}],"about":[{"href":"https:\/\/www.next2be.de\/index.php?rest_route=\/wp\/v2\/types\/page"}],"author":[{"embeddable":true,"href":"https:\/\/www.next2be.de\/index.php?rest_route=\/wp\/v2\/users\/1"}],"replies":[{"embeddable":true,"href":"https:\/\/www.next2be.de\/index.php?rest_route=%2Fwp%2Fv2%2Fcomments&post=227"}],"version-history":[{"count":12,"href":"https:\/\/www.next2be.de\/index.php?rest_route=\/wp\/v2\/pages\/227\/revisions"}],"predecessor-version":[{"id":945,"href":"https:\/\/www.next2be.de\/index.php?rest_route=\/wp\/v2\/pages\/227\/revisions\/945"}],"wp:attachment":[{"href":"https:\/\/www.next2be.de\/index.php?rest_route=%2Fwp%2Fv2%2Fmedia&parent=227"}],"curies":[{"name":"wp","href":"https:\/\/api.w.org\/{rel}","templated":true}]}}